{"id":26488,"date":"2023-05-01T15:04:39","date_gmt":"2023-05-01T14:04:39","guid":{"rendered":"https:\/\/www.hotel-spanias.com\/?page_id=26488"},"modified":"2023-05-07T17:38:40","modified_gmt":"2023-05-07T16:38:40","slug":"lage-2","status":"publish","type":"page","link":"https:\/\/www.hotel-spanias.com\/de\/lage-2\/","title":{"rendered":"Lage"},"content":{"rendered":"<p>[et_pb_section fb_built=&#8220;1&#8243; fullwidth=&#8220;on&#8220; _builder_version=&#8220;4.21.0&#8243; _module_preset=&#8220;default&#8220; global_colors_info=&#8220;{}&#8220;][et_pb_fullwidth_code _builder_version=&#8220;4.21.0&#8243; _module_preset=&#8220;default&#8220; hover_enabled=&#8220;0&#8243; global_colors_info=&#8220;{}&#8220; sticky_enabled=&#8220;0&#8243;]<iframe src=\"https:\/\/www.google.com\/maps\/embed?pb=!1m14!1m8!1m3!1d12276.286219364865!2d21.6164044!3d39.7155746!3m2!1i1024!2i768!4f13.1!3m3!1m2!1s0x13590fd1e3487d53%3A0xa9729e202aaba78d!2sHotel%20Spanias%20Meteora!5e0!3m2!1sde!2sde!4v1682974267509!5m2!1sde!2sde\" width=\"2000\" height=\"450\" style=\"border:0;\" allowfullscreen=\"\" loading=\"lazy\" referrerpolicy=\"no-referrer-when-downgrade\"><\/iframe>[\/et_pb_fullwidth_code][\/et_pb_section][et_pb_section fb_built=&#8220;1&#8243; admin_label=&#8220;About&#8220; _builder_version=&#8220;4.16&#8243; global_colors_info=&#8220;{}&#8220;][et_pb_row column_structure=&#8220;1_2,1_2&#8243; _builder_version=&#8220;4.16&#8243; global_colors_info=&#8220;{}&#8220;][et_pb_column type=&#8220;1_2&#8243; _builder_version=&#8220;4.16&#8243; custom_padding=&#8220;|||&#8220; global_colors_info=&#8220;{}&#8220; custom_padding__hover=&#8220;|||&#8220;][et_pb_text _builder_version=&#8220;4.21.0&#8243; text_font=&#8220;||||||||&#8220; text_font_size=&#8220;15px&#8220; text_line_height=&#8220;1.8em&#8220; custom_padding=&#8220;|||&#8220; custom_padding_tablet=&#8220;|40px||40px||true&#8220; custom_padding_last_edited=&#8220;off|desktop&#8220; global_colors_info=&#8220;{}&#8220;]<\/p>\n<p>Das Hotel Spanias ist ein charmantes, familiengef\u00fchrtes Hotel im Herzen der beeindruckenden Meteora-Region in Zentralgriechenland. Das Hotel liegt inmitten einer malerischen Landschaft mit hoch aufragenden Felsformationen und \u00fcppigem Gr\u00fcn und ist ein idealer Ausgangspunkt f\u00fcr die Erkundung der vielen nat\u00fcrlichen und kulturellen Attraktionen der Region.<\/p>\n<p>Meteora beherbergt eine Reihe beeindruckender \u00f6stlich-orthodoxer Kl\u00f6ster, die auf hoch aufragenden Sandsteins\u00e4ulen stehen und den Besuchern einen herrlichen Blick auf die umliegende Landschaft bieten. Diese Kl\u00f6ster wurden von der UNESCO zum Weltkulturerbe erkl\u00e4rt und sind ein Muss f\u00fcr jeden, der diese Gegend besucht.<\/p>\n<p>Das Hotel selbst liegt in der Siedlung Kastraki, nur eine kurze Strecke von der historischen Stadt Kalambaka entfernt. Kastraki ist ein malerisches, traditionelles griechisches Dorf, das f\u00fcr seine charmanten H\u00e4user und engen, gepflasterten Gassen bekannt ist. Das Dorf beherbergt auch eine Reihe traditioneller Tavernen und Caf\u00e9s, in denen die Besucher k\u00f6stliche griechische K\u00fcche probieren und sich bei einer Tasse Kaffee entspannen k\u00f6nnen, w\u00e4hrend sie die wundersch\u00f6ne Aussicht auf die umliegende Landschaft genie\u00dfen.<\/p>\n<p>Das Hotel Spanias liegt nur wenige Minuten von den Meteora-Kl\u00f6stern entfernt und ist damit ein idealer Ausgangspunkt f\u00fcr die Erkundung dieser beeindruckenden religi\u00f6sen St\u00e4tten. Besucher k\u00f6nnen an einer gef\u00fchrten Tour durch die Kl\u00f6ster teilnehmen, etwas \u00fcber ihre faszinierende Geschichte erfahren und die komplizierten Fresken und Kunstwerke im Inneren bewundern.<\/p>\n<p>[\/et_pb_text][\/et_pb_column][et_pb_column type=&#8220;1_2&#8243; _builder_version=&#8220;4.16&#8243; custom_padding=&#8220;|||&#8220; global_colors_info=&#8220;{}&#8220; custom_padding__hover=&#8220;|||&#8220;][et_pb_text _builder_version=&#8220;4.21.0&#8243; text_font=&#8220;||||||||&#8220; text_font_size=&#8220;15px&#8220; text_line_height=&#8220;1.8em&#8220; custom_padding=&#8220;|||&#8220; custom_padding_tablet=&#8220;|40px||40px||true&#8220; custom_padding_last_edited=&#8220;off|desktop&#8220; locked=&#8220;off&#8220; global_colors_info=&#8220;{}&#8220;]<\/p>\n<p>Insgesamt ist das Hotel Spanias eine ausgezeichnete Wahl f\u00fcr alle, die die atemberaubende nat\u00fcrliche Sch\u00f6nheit und das reiche kulturelle Erbe der Meteora-Region erkunden m\u00f6chten. Mit seiner bezaubernden Lage im Herzen von Kastraki, dem freundlichen und einladenden Personal und dem einfachen Zugang zu den vielen Attraktionen der Gegend ist das Hotel die perfekte Wahl f\u00fcr einen unvergesslichen Griechenland-Urlaub.<\/p>\n<p>[\/et_pb_text][et_pb_code _builder_version=&#8220;4.21.0&#8243; _module_preset=&#8220;default&#8220; global_colors_info=&#8220;{}&#8220;]<iframe loading=\"lazy\" src=\"https:\/\/www.google.com\/maps\/d\/embed?mid=1ey7ZsenxZRhOV6VmVxxsjku7kLo&#038;ehbc=2E312F\" width=\"640\" height=\"480\"><\/iframe>[\/et_pb_code][\/et_pb_column][\/et_pb_row][\/et_pb_section][et_pb_section fb_built=&#8220;1&#8243; admin_label=&#8220;Hero&#8220; _builder_version=&#8220;4.21.0&#8243; background_image=&#8220;https:\/\/www.hotel-spanias.com\/wp-content\/uploads\/2018\/05\/IMG_6993.jpg&#8220; custom_margin=&#8220;||||false&#8220; custom_padding=&#8220;10vw||10vw||true|false&#8220; global_colors_info=&#8220;{}&#8220;][et_pb_row column_structure=&#8220;2_3,1_3&#8243; _builder_version=&#8220;4.16&#8243; global_colors_info=&#8220;{}&#8220;][et_pb_column type=&#8220;2_3&#8243; _builder_version=&#8220;4.16&#8243; custom_padding=&#8220;|||&#8220; global_colors_info=&#8220;{}&#8220; custom_padding__hover=&#8220;|||&#8220;][et_pb_text _builder_version=&#8220;4.21.0&#8243; text_font=&#8220;||||||||&#8220; header_font=&#8220;Rubik|700|||||||&#8220; header_font_size=&#8220;64px&#8220; header_line_height=&#8220;1.1em&#8220; background_layout=&#8220;dark&#8220; max_width=&#8220;800px&#8220; custom_margin=&#8220;||0px|&#8220; custom_padding=&#8220;|||16px&#8220; text_font_size_tablet=&#8220;14px&#8220; text_font_size_last_edited=&#8220;off|desktop&#8220; header_font_size_tablet=&#8220;44px&#8220; header_font_size_phone=&#8220;32px&#8220; header_font_size_last_edited=&#8220;on|phone&#8220; border_color_all=&#8220;#ffb400&#8243; border_width_left=&#8220;10px&#8220; global_colors_info=&#8220;{}&#8220;]<\/p>\n<h1>Sch\u00f6ne Lage<\/h1>\n<p>[\/et_pb_text][et_pb_text _builder_version=&#8220;4.21.0&#8243; text_font=&#8220;||||||||&#8220; text_font_size=&#8220;22px&#8220; text_line_height=&#8220;1.6em&#8220; header_font=&#8220;||||||||&#8220; background_layout=&#8220;dark&#8220; max_width=&#8220;800px&#8220; custom_margin=&#8220;|||&#8220; custom_padding=&#8220;20px||20px||true&#8220; text_font_size_tablet=&#8220;18px&#8220; text_font_size_phone=&#8220;&#8220; text_font_size_last_edited=&#8220;on|phone&#8220; global_colors_info=&#8220;{}&#8220;]<\/p>\n<p>in der N\u00e4he von Meteora<\/p>\n<p>[\/et_pb_text][\/et_pb_column][et_pb_column type=&#8220;1_3&#8243; _builder_version=&#8220;4.16&#8243; custom_padding=&#8220;|||&#8220; global_colors_info=&#8220;{}&#8220; custom_padding__hover=&#8220;|||&#8220;][\/et_pb_column][\/et_pb_row][\/et_pb_section][et_pb_section fb_built=&#8220;1&#8243; use_custom_gutter=&#8220;on&#8220; gutter_width=&#8220;1&#8243; specialty=&#8220;on&#8220; padding_top_1=&#8220;80px&#8220; padding_right_1=&#8220;60px&#8220; padding_bottom_1=&#8220;80px&#8220; padding_left_1=&#8220;60px&#8220; padding_top_bottom_link_1=&#8220;true&#8220; padding_left_right_link_1=&#8220;true&#8220; padding_1_tablet=&#8220;|40px||40px||true&#8220; padding_1_phone=&#8220;&#8220; padding_1_last_edited=&#8220;on|phone&#8220; admin_label=&#8220;Features&#8220; module_class=&#8220; et_pb_specialty_fullwidth&#8220; _builder_version=&#8220;4.16&#8243; background_color=&#8220;#2a2a2a&#8220; inner_width=&#8220;100%&#8220; inner_width_tablet=&#8220;100%&#8220; inner_width_phone=&#8220;100%&#8220; inner_width_last_edited=&#8220;on|desktop&#8220; inner_max_width=&#8220;100%&#8220; inner_max_width_tablet=&#8220;100%&#8220; inner_max_width_phone=&#8220;100%&#8220; inner_max_width_last_edited=&#8220;on|desktop&#8220; custom_padding=&#8220;0px||0px||true&#8220; make_fullwidth=&#8220;on&#8220; global_colors_info=&#8220;{}&#8220;][et_pb_column type=&#8220;1_3&#8243; _builder_version=&#8220;4.16&#8243; custom_padding=&#8220;|||&#8220; global_colors_info=&#8220;{}&#8220; padding_tablet=&#8220;|40px||40px||true&#8220; padding_last_edited=&#8220;on|phone&#8220; custom_padding__hover=&#8220;|||&#8220; padding_phone=&#8220;|40px||40px||true&#8220;][et_pb_text _builder_version=&#8220;4.21.0&#8243; text_font=&#8220;||||||||&#8220; link_font=&#8220;||||||||&#8220; ul_font=&#8220;||||||||&#8220; ol_font=&#8220;||||||||&#8220; quote_font=&#8220;||||||||&#8220; header_font=&#8220;||||||||&#8220; header_2_font=&#8220;Rubik|700|||||||&#8220; header_2_font_size=&#8220;42px&#8220; header_2_line_height=&#8220;1.2em&#8220; background_layout=&#8220;dark&#8220; module_alignment=&#8220;center&#8220; custom_margin=&#8220;|||&#8220; custom_padding=&#8220;|||&#8220; header_2_font_size_tablet=&#8220;&#8220; header_2_font_size_phone=&#8220;36px&#8220; header_2_font_size_last_edited=&#8220;on|phone&#8220; locked=&#8220;off&#8220; global_colors_info=&#8220;{}&#8220;]<\/p>\n<h2>Meteora Kloster<\/h2>\n<p>[\/et_pb_text][et_pb_divider color=&#8220;#ffb400&#8243; divider_position=&#8220;center&#8220; divider_weight=&#8220;5px&#8220; _builder_version=&#8220;4.16&#8243; max_width=&#8220;50px&#8220; locked=&#8220;off&#8220; global_colors_info=&#8220;{}&#8220;][\/et_pb_divider][et_pb_text _builder_version=&#8220;4.21.0&#8243; text_font=&#8220;||||||||&#8220; text_font_size=&#8220;15px&#8220; text_line_height=&#8220;1.8em&#8220; background_layout=&#8220;dark&#8220; custom_margin=&#8220;50px||50px||true&#8220; locked=&#8220;off&#8220; global_colors_info=&#8220;{}&#8220;]<\/p>\n<p>Gro\u00dfes Meteoron-Kloster: Auch als Kloster der Verkl\u00e4rung bekannt, ist es das gr\u00f6\u00dfte und \u00e4lteste der Meteora-Kl\u00f6ster. Das im 14. Jahrhundert gegr\u00fcndete Gro\u00dfe Meteoron-Kloster beherbergt eine beeindruckende Sammlung religi\u00f6ser Artefakte, darunter alte Manuskripte und Ikonographie.<\/p>\n<p>Varlaam-Kloster: Das Mitte des 14. Jahrhunderts gegr\u00fcndete Varlaam-Kloster thront auf einer steilen Klippe und ist f\u00fcr seine beeindruckenden Fresken und komplizierten Holzschnitzereien bekannt. Der Glockenturm des Klosters ist mit einer H\u00f6he von 42 Metern eines der h\u00f6chsten Bauwerke des Komplexes.<\/p>\n<p>Rousanou-Kloster: Dieses malerische Kloster wurde in der Mitte des 16. Jahrhunderts erbaut und liegt auf einem niedrigeren Felsen als einige der anderen Meteora-Kl\u00f6ster. Besucher des Rousanou-Klosters haben einen atemberaubenden Blick auf die umliegende Landschaft und k\u00f6nnen die beeindruckenden Fresken im Inneren des Klosters bewundern.<\/p>\n<p>St. Nikolaus Anapausas-Kloster: Dieses Kloster wurde im sp\u00e4ten 14. Jahrhundert gegr\u00fcndet und ist nach dem Schutzpatron der Reisenden benannt. Besucher des Klosters St. Nicholas Anapausas k\u00f6nnen eine Reihe beeindruckender Artefakte besichtigen, darunter alte religi\u00f6se Manuskripte und kunstvoll geschnitzte Holzarbeiten.<\/p>\n<p>Das Kloster des Heiligen Stephanus: Dies ist das am leichtesten zug\u00e4ngliche Kloster in Meteora, da es sich auf dem Boden befindet und nicht auf einer hoch aufragenden S\u00e4ule thront. Das Mitte des 16. Jahrhunderts gegr\u00fcndete Stephanskloster ist bekannt f\u00fcr seine beeindruckenden Fresken und die atemberaubende Aussicht auf die umliegende Landschaft.<\/p>\n<p>Kloster der Heiligen Dreifaltigkeit: Dieses Kloster ist eines der am schwierigsten zu erreichenden Meteora-Kl\u00f6ster, da die Besucher eine Reihe von steilen, in die Felswand gehauenen Stufen erklimmen m\u00fcssen, um die Spitze zu erreichen. Trotz der anspruchsvollen Reise ist das Kloster der Heiligen Dreifaltigkeit die M\u00fche wert, denn die Besucher werden mit atemberaubenden Ausblicken auf die umliegende Landschaft und beeindruckenden Fresken im Inneren des Klosters belohnt.<\/p>\n<p>[\/et_pb_text][\/et_pb_column][et_pb_column type=&#8220;2_3&#8243; specialty_columns=&#8220;2&#8243; _builder_version=&#8220;4.16&#8243; custom_padding=&#8220;|||&#8220; global_colors_info=&#8220;{}&#8220; custom_padding__hover=&#8220;|||&#8220;][et_pb_row_inner padding_mobile=&#8220;off&#8220; use_custom_gutter=&#8220;on&#8220; gutter_width=&#8220;1&#8243; column_padding_mobile=&#8220;on&#8220; _builder_version=&#8220;4.16&#8243; parallax=&#8220;on&#8220; parallax_method=&#8220;off&#8220; custom_padding=&#8220;0px||0px|&#8220; global_colors_info=&#8220;{}&#8220;][et_pb_column_inner saved_specialty_column_type=&#8220;2_3&#8243; _builder_version=&#8220;4.16&#8243; parallax=&#8220;on&#8220; parallax_method=&#8220;off&#8220; custom_padding=&#8220;|||&#8220; global_colors_info=&#8220;{}&#8220; custom_padding__hover=&#8220;|||&#8220;][et_pb_gallery gallery_ids=&#8220;26055,26057,26059,26061,26063,26065,26067,26069,26071,26073,26075,26077,26079,26081,26083,26085,26087,26089,26091,26047&#8243; fullwidth=&#8220;on&#8220; _builder_version=&#8220;4.21.0&#8243; use_border_color=&#8220;off&#8220; global_colors_info=&#8220;{}&#8220;]&nbsp;<br \/>\n[\/et_pb_gallery][\/et_pb_column_inner][\/et_pb_row_inner][et_pb_row_inner column_structure=&#8220;1_2,1_2&#8243; padding_top_bottom_link_1=&#8220;true&#8220; padding_top_bottom_link_2=&#8220;true&#8220; padding_left_right_link_1=&#8220;true&#8220; _builder_version=&#8220;4.16&#8243; background_color=&#8220;#ffffff&#8220; custom_margin=&#8220;|||&#8220; custom_padding=&#8220;0||0||true|false&#8220; animation_style=&#8220;slide&#8220; animation_direction=&#8220;top&#8220; animation_intensity_slide=&#8220;10%&#8220; box_shadow_style=&#8220;preset3&#8243; box_shadow_vertical=&#8220;30px&#8220; box_shadow_blur=&#8220;65px&#8220; box_shadow_spread=&#8220;-30px&#8220; box_shadow_color=&#8220;rgba(0,0,0,0.35)&#8220; locked=&#8220;off&#8220; global_colors_info=&#8220;{}&#8220;][et_pb_column_inner type=&#8220;1_2&#8243; saved_specialty_column_type=&#8220;2_3&#8243; _builder_version=&#8220;4.16&#8243; background_color=&#8220;#ffb400&#8243; custom_padding=&#8220;25px|50px|25px|50px&#8220; global_colors_info=&#8220;{}&#8220; custom_padding__hover=&#8220;|||&#8220;][et_pb_text _builder_version=&#8220;4.21.0&#8243; header_font=&#8220;||||||||&#8220; header_2_font=&#8220;||||||||&#8220; header_3_font=&#8220;Rubik|700|||||||&#8220; header_3_font_size=&#8220;30px&#8220; header_3_line_height=&#8220;1.4em&#8220; header_4_font=&#8220;Rubik||||||||&#8220; header_4_font_size=&#8220;24px&#8220; header_4_letter_spacing=&#8220;3px&#8220; header_4_line_height=&#8220;1.4em&#8220; global_colors_info=&#8220;{}&#8220;]<\/p>\n<h3>Telefon:<\/h3>\n<h4>Tel.: +30 \/ 24320 \/ 75966<\/h4>\n<p>[\/et_pb_text][\/et_pb_column_inner][et_pb_column_inner type=&#8220;1_2&#8243; saved_specialty_column_type=&#8220;2_3&#8243; _builder_version=&#8220;4.16&#8243; background_color=&#8220;#ffffff&#8220; custom_padding=&#8220;40px||40px|&#8220; global_colors_info=&#8220;{}&#8220; custom_padding__hover=&#8220;|||&#8220;][et_pb_button button_url=&#8220;https:\/\/www.traveldataservice.de\/booking2.php?propid=37959&#8243; url_new_window=&#8220;on&#8220; button_text=&#8220;Online Buchen&#8220; button_alignment=&#8220;center&#8220; _builder_version=&#8220;4.21.0&#8243; custom_button=&#8220;on&#8220; button_text_size=&#8220;14px&#8220; button_text_color=&#8220;#2a2a2a&#8220; button_border_width=&#8220;4px&#8220; button_border_radius=&#8220;0px&#8220; button_letter_spacing=&#8220;4px&#8220; button_font=&#8220;Rubik|700||on|||||&#8220; button_icon=&#8220;&#x24;||divi||400&#8243; custom_margin=&#8220;|||&#8220; custom_padding=&#8220;12px|30px|12px|30px|true|true&#8220; button_text_color_hover=&#8220;#ffffff&#8220; button_border_color_hover=&#8220;#2a2a2a&#8220; button_bg_color_hover=&#8220;#2a2a2a&#8220; locked=&#8220;off&#8220; global_colors_info=&#8220;{}&#8220; button_text_size__hover_enabled=&#8220;off&#8220; button_one_text_size__hover_enabled=&#8220;off&#8220; button_two_text_size__hover_enabled=&#8220;off&#8220; button_text_color__hover_enabled=&#8220;on&#8220; button_text_color__hover=&#8220;#ffffff&#8220; button_one_text_color__hover_enabled=&#8220;off&#8220; button_two_text_color__hover_enabled=&#8220;off&#8220; button_border_width__hover_enabled=&#8220;off&#8220; button_one_border_width__hover_enabled=&#8220;off&#8220; button_two_border_width__hover_enabled=&#8220;off&#8220; button_border_color__hover_enabled=&#8220;on&#8220; button_border_color__hover=&#8220;#2a2a2a&#8220; button_one_border_color__hover_enabled=&#8220;off&#8220; button_two_border_color__hover_enabled=&#8220;off&#8220; button_border_radius__hover_enabled=&#8220;off&#8220; button_one_border_radius__hover_enabled=&#8220;off&#8220; button_two_border_radius__hover_enabled=&#8220;off&#8220; button_letter_spacing__hover_enabled=&#8220;off&#8220; button_one_letter_spacing__hover_enabled=&#8220;off&#8220; button_two_letter_spacing__hover_enabled=&#8220;off&#8220; button_bg_color__hover_enabled=&#8220;on&#8220; button_bg_color__hover=&#8220;#2a2a2a&#8220; button_one_bg_color__hover_enabled=&#8220;off&#8220; button_two_bg_color__hover_enabled=&#8220;off&#8220;][\/et_pb_button][\/et_pb_column_inner][\/et_pb_row_inner][\/et_pb_column][\/et_pb_section]<\/p>\n","protected":false},"excerpt":{"rendered":"<p>Das Hotel Spanias ist ein charmantes, familiengef\u00fchrtes Hotel im Herzen der beeindruckenden Meteora-Region in Zentralgriechenland. Das Hotel liegt inmitten einer malerischen Landschaft mit hoch aufragenden Felsformationen und \u00fcppigem Gr\u00fcn und ist ein idealer Ausgangspunkt f\u00fcr die Erkundung der vielen nat\u00fcrlichen und kulturellen Attraktionen der Region. Meteora beherbergt eine Reihe beeindruckender \u00f6stlich-orthodoxer Kl\u00f6ster, die auf hoch [&hellip;]<\/p>\n","protected":false},"author":1,"featured_media":0,"parent":0,"menu_order":0,"comment_status":"closed","ping_status":"closed","template":"","meta":{"_et_pb_use_builder":"on","_et_pb_old_content":"","_et_gb_content_width":"","footnotes":""},"class_list":["post-26488","page","type-page","status-publish","hentry"],"_links":{"self":[{"href":"https:\/\/www.hotel-spanias.com\/de\/wp-json\/wp\/v2\/pages\/26488","targetHints":{"allow":["GET"]}}],"collection":[{"href":"https:\/\/www.hotel-spanias.com\/de\/wp-json\/wp\/v2\/pages"}],"about":[{"href":"https:\/\/www.hotel-spanias.com\/de\/wp-json\/wp\/v2\/types\/page"}],"author":[{"embeddable":true,"href":"https:\/\/www.hotel-spanias.com\/de\/wp-json\/wp\/v2\/users\/1"}],"replies":[{"embeddable":true,"href":"https:\/\/www.hotel-spanias.com\/de\/wp-json\/wp\/v2\/comments?post=26488"}],"version-history":[{"count":12,"href":"https:\/\/www.hotel-spanias.com\/de\/wp-json\/wp\/v2\/pages\/26488\/revisions"}],"predecessor-version":[{"id":26701,"href":"https:\/\/www.hotel-spanias.com\/de\/wp-json\/wp\/v2\/pages\/26488\/revisions\/26701"}],"wp:attachment":[{"href":"https:\/\/www.hotel-spanias.com\/de\/wp-json\/wp\/v2\/media?parent=26488"}],"curies":[{"name":"wp","href":"https:\/\/api.w.org\/{rel}","templated":true}]}}