{"id":26108,"date":"2018-05-09T20:37:21","date_gmt":"2018-05-09T19:37:21","guid":{"rendered":"http:\/\/localhost\/spanias\/contact\/"},"modified":"2023-05-07T17:39:38","modified_gmt":"2023-05-07T16:39:38","slug":"kontakt","status":"publish","type":"page","link":"https:\/\/www.hotel-spanias.com\/de\/kontakt\/","title":{"rendered":"Kontakt"},"content":{"rendered":"<p>[et_pb_section fb_built=&#8220;1&#8243; fullwidth=&#8220;on&#8220; _builder_version=&#8220;4.16&#8243; global_colors_info=&#8220;{}&#8220;][et_pb_fullwidth_slider _builder_version=&#8220;4.21.0&#8243; hover_enabled=&#8220;0&#8243; global_colors_info=&#8220;{}&#8220; button_text_size__hover_enabled=&#8220;off&#8220; button_one_text_size__hover_enabled=&#8220;off&#8220; button_two_text_size__hover_enabled=&#8220;off&#8220; button_text_color__hover_enabled=&#8220;off&#8220; button_one_text_color__hover_enabled=&#8220;off&#8220; button_two_text_color__hover_enabled=&#8220;off&#8220; button_border_width__hover_enabled=&#8220;off&#8220; button_one_border_width__hover_enabled=&#8220;off&#8220; button_two_border_width__hover_enabled=&#8220;off&#8220; button_border_color__hover_enabled=&#8220;off&#8220; button_one_border_color__hover_enabled=&#8220;off&#8220; button_two_border_color__hover_enabled=&#8220;off&#8220; button_border_radius__hover_enabled=&#8220;off&#8220; button_one_border_radius__hover_enabled=&#8220;off&#8220; button_two_border_radius__hover_enabled=&#8220;off&#8220; button_letter_spacing__hover_enabled=&#8220;off&#8220; button_one_letter_spacing__hover_enabled=&#8220;off&#8220; button_two_letter_spacing__hover_enabled=&#8220;off&#8220; button_bg_color__hover_enabled=&#8220;off&#8220; button_one_bg_color__hover_enabled=&#8220;off&#8220; button_two_bg_color__hover_enabled=&#8220;off&#8220; sticky_enabled=&#8220;0&#8243;][et_pb_slide use_bg_overlay=&#8220;off&#8220; use_text_overlay=&#8220;off&#8220; _builder_version=&#8220;4.21.0&#8243; background_color=&#8220;#7ebec5&#8243; background_image=&#8220;https:\/\/www.hotel-spanias.com\/wp-content\/uploads\/2023\/05\/meteora-rocks-line-art-white-scaled.jpg&#8220; button_on_hover=&#8220;on&#8220; hover_enabled=&#8220;0&#8243; global_colors_info=&#8220;{}&#8220; sticky_transition=&#8220;on&#8220; button_text_size__hover_enabled=&#8220;off&#8220; button_one_text_size__hover_enabled=&#8220;off&#8220; button_two_text_size__hover_enabled=&#8220;off&#8220; button_text_color__hover_enabled=&#8220;off&#8220; button_one_text_color__hover_enabled=&#8220;off&#8220; button_two_text_color__hover_enabled=&#8220;off&#8220; button_border_width__hover_enabled=&#8220;off&#8220; button_one_border_width__hover_enabled=&#8220;off&#8220; button_two_border_width__hover_enabled=&#8220;off&#8220; button_border_color__hover_enabled=&#8220;off&#8220; button_one_border_color__hover_enabled=&#8220;off&#8220; button_two_border_color__hover_enabled=&#8220;off&#8220; button_border_radius__hover_enabled=&#8220;off&#8220; button_one_border_radius__hover_enabled=&#8220;off&#8220; button_two_border_radius__hover_enabled=&#8220;off&#8220; button_letter_spacing__hover_enabled=&#8220;off&#8220; button_one_letter_spacing__hover_enabled=&#8220;off&#8220; button_two_letter_spacing__hover_enabled=&#8220;off&#8220; button_bg_color__hover_enabled=&#8220;off&#8220; button_one_bg_color__hover_enabled=&#8220;off&#8220; button_two_bg_color__hover_enabled=&#8220;off&#8220; alt=&#8220;Hotel Spanias Meteora&#8220; title_text=&#8220;meteora rocks line art-white&#8220; background_enable_image=&#8220;on&#8220; sticky_enabled=&#8220;0&#8243;][\/et_pb_slide][\/et_pb_fullwidth_slider][\/et_pb_section][et_pb_section fb_built=&#8220;1&#8243; _builder_version=&#8220;4.16&#8243; global_colors_info=&#8220;{}&#8220;][et_pb_row _builder_version=&#8220;4.16&#8243; background_color=&#8220;#ffffff&#8220; custom_margin=&#8220;-110px|||&#8220; custom_padding=&#8220;20px|20px|20px|20px&#8220; global_colors_info=&#8220;{}&#8220; column_structure=&#8220;1_3,1_3,1_3&#8243;][et_pb_column type=&#8220;1_3&#8243; _builder_version=&#8220;4.16&#8243; custom_padding=&#8220;|||&#8220; global_colors_info=&#8220;{}&#8220; custom_padding__hover=&#8220;|||&#8220;][et_pb_text _builder_version=&#8220;4.16&#8243; global_colors_info=&#8220;{}&#8220;]Hotel Spanias<br \/>\n<b>MHTE 0727K012A0108200<\/b><br \/>\nManager: Georgios Spanias<\/p>\n<p>Kastraki<br \/>\nGR- 42200 Kalambaka<\/p>\n<p>Tel.: +30 \/ 24320 \/ 75966<br \/>\nFax: +30 \/ 24320 \/ 75303<br \/>\n<a title=\"\" href=\"mailto:info@hotel-spanias.com\" target=\"_blank\" rel=\"noopener\">info@hotel-spanias.com<\/a><\/p>\n<p>Das Hotel ist vom 01.04.-31.10. ge\u00f6ffnet<\/p>\n<div>\n<div>MHTE 0727K012A0108200<\/div>\n<\/div>\n<p>[\/et_pb_text][\/et_pb_column][et_pb_column type=&#8220;1_3&#8243; _builder_version=&#8220;4.16&#8243; custom_padding=&#8220;|||&#8220; global_colors_info=&#8220;{}&#8220; custom_padding__hover=&#8220;|||&#8220;][et_pb_text _builder_version=&#8220;4.16&#8243; global_colors_info=&#8220;{}&#8220;]Sie k\u00f6nnen nach Kalambaka mit dem Bus sowohl aus Athen als auch aus Thessaloniki und aus vielen anderen St\u00e4dten fahren. Schreiben Sie uns aus welcher Stadt Sie kommen m\u00f6chten und wir werden Ihnen Informationen senden.<\/p>\n<p>Von Athen oder Thessaloniki kann man auch mit dem Zug nach Kalambaka \/ Meteora reisen. Sie reisen immer \u00fcber Larissa.<\/p>\n<p>Am bequemsten ist nat\u00fcrlich mit einem Mietwagen nach Meteora zu fahren und dort beliebig bleiben, denn es lohnt sich 2 Tage in Meteora zu widmen.<br \/>\n[\/et_pb_text][\/et_pb_column][et_pb_column type=&#8220;1_3&#8243; _builder_version=&#8220;4.16&#8243; custom_padding=&#8220;|||&#8220; global_colors_info=&#8220;{}&#8220; custom_padding__hover=&#8220;|||&#8220;][et_pb_code _builder_version=&#8220;4.16&#8243; global_colors_info=&#8220;{}&#8220;]<iframe loading=\"lazy\" src=\"https:\/\/www.google.com\/maps\/d\/embed?mid=1ey7ZsenxZRhOV6VmVxxsjku7kLo\" width=\"640\" height=\"350\"><\/iframe>[\/et_pb_code][\/et_pb_column][\/et_pb_row][\/et_pb_section]<\/p>\n","protected":false},"excerpt":{"rendered":"<p>Hotel Spanias MHTE 0727K012A0108200 Manager: Georgios Spanias Kastraki GR- 42200 Kalambaka Tel.: +30 \/ 24320 \/ 75966 Fax: +30 \/ 24320 \/ 75303 info@hotel-spanias.com Das Hotel ist vom 01.04.-31.10. ge\u00f6ffnet MHTE 0727K012A0108200 Sie k\u00f6nnen nach Kalambaka mit dem Bus sowohl aus Athen als auch aus Thessaloniki und aus vielen anderen St\u00e4dten fahren. Schreiben Sie uns [&hellip;]<\/p>\n","protected":false},"author":1,"featured_media":0,"parent":0,"menu_order":0,"comment_status":"closed","ping_status":"closed","template":"","meta":{"_et_pb_use_builder":"on","_et_pb_old_content":"","_et_gb_content_width":"","footnotes":""},"class_list":["post-26108","page","type-page","status-publish","hentry"],"_links":{"self":[{"href":"https:\/\/www.hotel-spanias.com\/de\/wp-json\/wp\/v2\/pages\/26108","targetHints":{"allow":["GET"]}}],"collection":[{"href":"https:\/\/www.hotel-spanias.com\/de\/wp-json\/wp\/v2\/pages"}],"about":[{"href":"https:\/\/www.hotel-spanias.com\/de\/wp-json\/wp\/v2\/types\/page"}],"author":[{"embeddable":true,"href":"https:\/\/www.hotel-spanias.com\/de\/wp-json\/wp\/v2\/users\/1"}],"replies":[{"embeddable":true,"href":"https:\/\/www.hotel-spanias.com\/de\/wp-json\/wp\/v2\/comments?post=26108"}],"version-history":[{"count":4,"href":"https:\/\/www.hotel-spanias.com\/de\/wp-json\/wp\/v2\/pages\/26108\/revisions"}],"predecessor-version":[{"id":26702,"href":"https:\/\/www.hotel-spanias.com\/de\/wp-json\/wp\/v2\/pages\/26108\/revisions\/26702"}],"wp:attachment":[{"href":"https:\/\/www.hotel-spanias.com\/de\/wp-json\/wp\/v2\/media?parent=26108"}],"curies":[{"name":"wp","href":"https:\/\/api.w.org\/{rel}","templated":true}]}}