{"id":26101,"date":"2018-05-09T21:10:06","date_gmt":"2018-05-09T20:10:06","guid":{"rendered":"http:\/\/localhost\/spanias\/imprint\/"},"modified":"2018-05-12T16:22:43","modified_gmt":"2018-05-12T15:22:43","slug":"imprint","status":"publish","type":"page","link":"https:\/\/www.hotel-spanias.com\/de\/imprint\/","title":{"rendered":"Impressum"},"content":{"rendered":"<p><strong>Afoi\u00a0 X Spanias O.E.<\/strong><br \/>\n<strong> Hotel Spanias<\/strong><br \/>\n<strong> Kastraki<\/strong><br \/>\n<strong> 42200 Kastraki Kalambaka<\/strong><br \/>\n<strong> DOY: Trikala<\/strong><br \/>\n<strong> Greece<\/strong><br \/>\n<strong> VAT-ID \/ USt-ID: EL081916742<\/strong><br \/>\n<strong>Tel.: +30 \/ 24320 \/ 75966<br \/>\nFax: +30 \/ 24320 \/ 75303<br \/>\n<a title=\"\" href=\"mailto:info@hotel-spanias.com\" target=\"_blank\" rel=\"noopener\">info@hotel-spanias.com<\/a><br \/>\n<\/strong><\/p>\n<p>MHTE 0727K012A0108200<\/p>\n<h2 data-fontsize=\"26\" data-lineheight=\"27\">Haftungsausschluss<\/h2>\n<p>Trotz sorgf\u00e4ltiger Pr\u00fcfung k\u00f6nnen wir keine Haftung f\u00fcr die Inhalte externer Links \u00fcbernehmen. F\u00fcr den Inhalt diese Seiten sind ausschlie\u00dflich deren Betreiber verantwortlich.<\/p>\n<p>Informationen zur Online-Streitbeilegungsplattform:<\/p>\n<p>Online-Streitbeilegung gem\u00e4\u00df Art. 14 Abs. 1 ODR-VO: Die Europ\u00e4ische Kommission stellt eine Plattform zur Online-Streitbeilegung (OS) bereit, die Sie unter\u00a0<a href=\"http:\/\/ec.europa.eu\/consumers\/odr\/\">http:\/\/ec.europa.eu\/consumers\/odr\/<\/a>\u00a0finden.<\/p>\n","protected":false},"excerpt":{"rendered":"<p>Afoi\u00a0 X Spanias O.E. Hotel Spanias Kastraki 42200 Kastraki Kalambaka DOY: Trikala Greece VAT-ID \/ USt-ID: EL081916742 Tel.: +30 \/ 24320 \/ 75966 Fax: +30 \/ 24320 \/ 75303 info@hotel-spanias.com MHTE 0727K012A0108200 Haftungsausschluss Trotz sorgf\u00e4ltiger Pr\u00fcfung k\u00f6nnen wir keine Haftung f\u00fcr die Inhalte externer Links \u00fcbernehmen. F\u00fcr den Inhalt diese Seiten sind ausschlie\u00dflich deren Betreiber [&hellip;]<\/p>\n","protected":false},"author":1,"featured_media":0,"parent":0,"menu_order":0,"comment_status":"closed","ping_status":"closed","template":"","meta":{"_et_pb_use_builder":"","_et_pb_old_content":"","_et_gb_content_width":"","footnotes":""},"class_list":["post-26101","page","type-page","status-publish","hentry"],"_links":{"self":[{"href":"https:\/\/www.hotel-spanias.com\/de\/wp-json\/wp\/v2\/pages\/26101","targetHints":{"allow":["GET"]}}],"collection":[{"href":"https:\/\/www.hotel-spanias.com\/de\/wp-json\/wp\/v2\/pages"}],"about":[{"href":"https:\/\/www.hotel-spanias.com\/de\/wp-json\/wp\/v2\/types\/page"}],"author":[{"embeddable":true,"href":"https:\/\/www.hotel-spanias.com\/de\/wp-json\/wp\/v2\/users\/1"}],"replies":[{"embeddable":true,"href":"https:\/\/www.hotel-spanias.com\/de\/wp-json\/wp\/v2\/comments?post=26101"}],"version-history":[{"count":3,"href":"https:\/\/www.hotel-spanias.com\/de\/wp-json\/wp\/v2\/pages\/26101\/revisions"}],"predecessor-version":[{"id":26193,"href":"https:\/\/www.hotel-spanias.com\/de\/wp-json\/wp\/v2\/pages\/26101\/revisions\/26193"}],"wp:attachment":[{"href":"https:\/\/www.hotel-spanias.com\/de\/wp-json\/wp\/v2\/media?parent=26101"}],"curies":[{"name":"wp","href":"https:\/\/api.w.org\/{rel}","templated":true}]}}